{"id":2734,"date":"2024-03-11T16:50:01","date_gmt":"2024-03-11T16:50:01","guid":{"rendered":"https:\/\/prioritesante.vxlstaging.com\/?page_id=2734"},"modified":"2024-04-01T12:54:49","modified_gmt":"2024-04-01T12:54:49","slug":"contact","status":"publish","type":"page","link":"https:\/\/prioritesante.vxlstaging.com\/fr\/contact\/","title":{"rendered":"Nous Joindre"},"content":{"rendered":"<div class=\"wpb-content-wrapper\"><div id=\"tm-row-69dff9b638882\" data-vc-full-width=\"true\" data-vc-full-width-init=\"false\" data-vc-stretch-content=\"true\" class=\"vc_row vc_row-outer vc_row-fluid\"><div id=\"tm-column-69dff9b639271\" class=\"wpb_column vc_column_container vc_col-sm-12\"><div class=\"vc_column-inner\"><div class=\"wpb_wrapper\">\n\t<div class=\"wpb_raw_code wpb_content_element wpb_raw_html\" >\n\t\t<div class=\"wpb_wrapper\">\n\t\t\t<iframe src=\"https:\/\/www.google.com\/maps\/embed?pb=!1m18!1m12!1m3!1d2800.3009180309987!2d-75.72182952480091!3d45.423435036159304!2m3!1f0!2f0!3f0!3m2!1i1024!2i768!4f13.1!3m3!1m2!1s0x4cce045fb71566fd%3A0x995dd2354b6906d2!2s15%20Rue%20Jos-Montferrand%2C%20Gatineau%2C%20QC%20J8X%200C2%2C%20Canada!5e0!3m2!1sen!2s!4v1711945746909!5m2!1sen!2s\" width=\"100%\" height=\"450\" style=\"border:0;\" allowfullscreen=\"\" loading=\"lazy\" referrerpolicy=\"no-referrer-when-downgrade\"><\/iframe>\n\t\t<\/div>\n\t<\/div>\n<\/div><\/div><\/div><\/div><div class=\"vc_row-full-width vc_clearfix\"><\/div><div id=\"tm-row-69dff9b639a8f\" class=\"vc_row vc_row-outer vc_row-fluid\"><div id=\"tm-column-69dff9b639d47\" class=\"wpb_column vc_column_container vc_col-sm-12\"><div class=\"vc_column-inner\"><div class=\"wpb_wrapper\">\n<div class=\"tm-heading  center tm-animation move-up\" id=\"tm-heading-69dff9b63a39c\">\n\t<h3 class=\"heading\" >Appelez-nous ou remplissez le formulaire<\/h3><\/div>\n\n<div class=\"tm-spacer\" id=\"tm-spacer-69dff9b63a861\"><\/div>\n\n<div class=\"tm-heading  center tm-animation move-up\" id=\"tm-heading-69dff9b63a97d\">\n\t<div class=\"heading\" >Appelez-nous ou remplissez le formulaire d\u00e8s aujourd'hui pour commencer \u00e0 \u00e9lever vos solutions de dotation en personnel de sant\u00e9 avec Priorit\u00e9 Sant\u00e9 !<\/div><\/div>\n\n<div class=\"tm-spacer\" id=\"tm-spacer-69dff9b63acb1\"><\/div>\n<div id=\"tm-row-inner-69dff9b63b150\" class=\"vc_row vc_inner vc_row-fluid\"><div id=\"tm-column-inner-69dff9b63b75b\" class=\"wpb_column vc_column_container vc_col-sm-12 vc_col-lg-4\"><div class=\"vc_column-inner\"><div class=\"wpb_wrapper\"><div class=\"tm-box-icon  style-3 style-align-left tm-animation move-up\" id=\"tm-box-icon-69dff9b63bb3d\">\n\t\t<div class=\"content-wrap\">\n\t<div class=\"content-inner\">\n\t\t<div class=\"content-left\">\n\t\t\t\t\t\t\t<div class=\"image\">\n\t\t\t\t\t<img decoding=\"async\" src=\"https:\/\/prioritesante.vxlstaging.com\/wp-content\/uploads\/2020\/12\/map-image.png\" alt=\"map-image\" \/>\t\t\t\t<\/div>\n\t\t\t\n\t\t\t\t\t<\/div>\n\n\t\t<div class=\"content\">\n\n\t\t\t\t\t\t\t<h4 class=\"heading\">\n\t\t\t\t\t\n\t\t\t\t\t\tEmplacement\n\t\t\t\t\t\t\n\t\t\t\t<\/h4>\n\t\t\t\n\t\t\t\t\t\t\t<div class=\"text\">15 Rue Jos-Montferrand Gatineau, Quebec J8X 0E1<\/div>\t\t\t\n\t\t\t\t\t<\/div>\n\t<\/div>\n<\/div>\n<\/div>\n<div class=\"tm-box-icon  style-3 style-align-left tm-animation move-up\" id=\"tm-box-icon-69dff9b63d67e\">\n\t\t<div class=\"content-wrap\">\n\t<div class=\"content-inner\">\n\t\t<div class=\"content-left\">\n\t\t\t\t\t\t\t<div class=\"image\">\n\t\t\t\t\t<img decoding=\"async\" src=\"https:\/\/prioritesante.vxlstaging.com\/wp-content\/uploads\/2018\/11\/support.png\" alt=\"support\" \/>\t\t\t\t<\/div>\n\t\t\t\n\t\t\t\t\t<\/div>\n\n\t\t<div class=\"content\">\n\n\t\t\t\t\t\t\t<h4 class=\"heading\">\n\t\t\t\t\t\n\t\t\t\t\t\tCentre d'appel\n\t\t\t\t\t\t\n\t\t\t\t<\/h4>\n\t\t\t\n\t\t\t\t\t\t\t<div class=\"text\">Assistance 24h\/24 et 7j\/7\u00a0:<br \/>\n(819) 805-6229<\/div>\t\t\t\n\t\t\t\t\t<\/div>\n\t<\/div>\n<\/div>\n<\/div>\n<div class=\"tm-box-icon  style-3 style-align-left tm-animation move-up\" id=\"tm-box-icon-69dff9b63e902\">\n\t\t<div class=\"content-wrap\">\n\t<div class=\"content-inner\">\n\t\t<div class=\"content-left\">\n\t\t\t\t\t\t\t<div class=\"image\">\n\t\t\t\t\t<img decoding=\"async\" src=\"https:\/\/prioritesante.vxlstaging.com\/wp-content\/uploads\/2018\/11\/message.png\" alt=\"message\" \/>\t\t\t\t<\/div>\n\t\t\t\n\t\t\t\t\t<\/div>\n\n\t\t<div class=\"content\">\n\n\t\t\t\t\t\t\t<h4 class=\"heading\">\n\t\t\t\t\t\n\t\t\t\t\t\tEnvoyez-nous un email\n\t\t\t\t\t\t\n\t\t\t\t<\/h4>\n\t\t\t\n\t\t\t\t\t\t\t<div class=\"text\">info@priorite-sante.net<\/div>\t\t\t\n\t\t\t\t\t<\/div>\n\t<\/div>\n<\/div>\n<\/div>\n<div class=\"tm-spacer\" id=\"tm-spacer-69dff9b63f730\"><\/div>\n<\/div><\/div><\/div><div id=\"tm-column-inner-69dff9b63f87d\" class=\"wpb_column vc_column_container vc_col-sm-12 vc_col-lg-8\"><div class=\"vc_column-inner\"><div class=\"wpb_wrapper\"><div class=\"tm-contact-form-7  style-01 gutter-30 tm-animation move-up\" id=\"tm-blog-69dff9b63fbf0\">\n\t\n<div class=\"wpcf7 no-js\" id=\"wpcf7-f805-o1\" lang=\"en-US\" dir=\"ltr\">\n<div class=\"screen-reader-response\"><p role=\"status\" aria-live=\"polite\" aria-atomic=\"true\"><\/p> <ul><\/ul><\/div>\n<form action=\"\/fr\/wp-json\/wp\/v2\/pages\/2734#wpcf7-f805-o1\" method=\"post\" class=\"wpcf7-form init\" aria-label=\"Contact form\" novalidate=\"novalidate\" data-status=\"init\" data-trp-original-action=\"\/fr\/wp-json\/wp\/v2\/pages\/2734#wpcf7-f805-o1\">\n<div style=\"display: none;\">\n<input type=\"hidden\" name=\"_wpcf7\" value=\"805\" \/>\n<input type=\"hidden\" name=\"_wpcf7_version\" value=\"5.9.2\" \/>\n<input type=\"hidden\" name=\"_wpcf7_locale\" value=\"en_US\" \/>\n<input type=\"hidden\" name=\"_wpcf7_unit_tag\" value=\"wpcf7-f805-o1\" \/>\n<input type=\"hidden\" name=\"_wpcf7_container_post\" value=\"0\" \/>\n<input type=\"hidden\" name=\"_wpcf7_posted_data_hash\" value=\"\" \/>\n<\/div>\n<div class=\"row\">\n\t<div class=\"col-md-6\">\n\t\t<p><label>Nom et pr\u00e9nom *<\/label><br \/>\n<span class=\"wpcf7-form-control-wrap\" data-name=\"your-name\"><input size=\"40\" class=\"wpcf7-form-control wpcf7-text wpcf7-validates-as-required\" aria-required=\"true\" aria-invalid=\"false\" placeholder=\"par exemple, John Doe\" value=\"\" type=\"text\" name=\"your-name\" \/><\/span>\n\t\t<\/p>\n\t<\/div>\n\t<div class=\"col-md-6\">\n\t\t<p><label>Votre email *<\/label><br \/>\n<span class=\"wpcf7-form-control-wrap\" data-name=\"your-email\"><input size=\"40\" class=\"wpcf7-form-control wpcf7-email wpcf7-validates-as-required wpcf7-text wpcf7-validates-as-email\" aria-required=\"true\" aria-invalid=\"false\" placeholder=\"nom@entreprise.com\" value=\"\" type=\"email\" name=\"your-email\" \/><\/span>\n\t\t<\/p>\n\t<\/div>\n\t<div class=\"col-md-6\">\n\t\t<p><label>Ton t\u00e9l\u00e9phone*<\/label><br \/>\n<span class=\"wpcf7-form-control-wrap\" data-name=\"text-800\"><input size=\"40\" class=\"wpcf7-form-control wpcf7-text\" aria-invalid=\"false\" placeholder=\"Num\u00e9ro de remplissage\" value=\"\" type=\"text\" name=\"text-800\" \/><\/span>\n\t\t<\/p>\n\t<\/div>\n\t<div class=\"col-md-6\">\n\t\t<p><label>Je m'int\u00e9resse \u00e0 *<\/label><br \/>\n<span class=\"wpcf7-form-control-wrap\" data-name=\"insurance-info\"><input size=\"40\" class=\"wpcf7-form-control wpcf7-text\" aria-invalid=\"false\" placeholder=\"Soins \u00e0 domicile\" value=\"\" type=\"text\" name=\"insurance-info\" \/><\/span>\n\t\t<\/p>\n\t<\/div>\n\t<div class=\"col-md-12\">\n\t\t<p><label>Votre message *<\/label><br \/>\n<span class=\"wpcf7-form-control-wrap\" data-name=\"textarea-507\"><textarea cols=\"40\" rows=\"10\" class=\"wpcf7-form-control wpcf7-textarea wpcf7-validates-as-required\" aria-required=\"true\" aria-invalid=\"false\" placeholder=\"Texte ici\" name=\"textarea-507\"><\/textarea><\/span>\n\t\t<\/p>\n\t<\/div>\n\t<div class=\"col-md-12\">\n\t\t<p><input class=\"wpcf7-form-control wpcf7-submit has-spinner\" type=\"submit\" value=\"Envoi\" \/>\n\t\t<\/p>\n\t<\/div>\n<\/div><div class=\"wpcf7-response-output\" aria-hidden=\"true\"><\/div>\n<input type=\"hidden\" name=\"trp-form-language\" value=\"fr\"\/><\/form>\n<\/div>\n<\/div>\n\n<div class=\"tm-heading vc_custom_1540454250212  center tm-animation move-up\" id=\"tm-heading-69dff9b646d90\">\n\t<div class=\"heading\" >Votre adresse email ne sera pas publi\u00e9e.<\/div><\/div>\n\n<div class=\"tm-spacer\" id=\"tm-spacer-69dff9b647176\"><\/div>\n<\/div><\/div><\/div><\/div><\/div><\/div><\/div><\/div>\n<\/div>","protected":false},"excerpt":{"rendered":"Call Us or Fill The Form Call us or fill out the form today to start elevating your healthcare staffing solutions with Priorit\u00e9 Sant\u00e9! Location 15 Rue Jos-Montferrand Gatineau, Quebec J8X 0E1 Call center 24\/7 Support: (819) 805-6229 Email us info@priorite-sante.net Full name * Your email * Your phone* I\u2019m interested in * Your Message * Your email address will not be published.","protected":false},"author":3,"featured_media":0,"parent":0,"menu_order":0,"comment_status":"closed","ping_status":"closed","template":"","meta":{"footnotes":""},"_links":{"self":[{"href":"https:\/\/prioritesante.vxlstaging.com\/fr\/wp-json\/wp\/v2\/pages\/2734"}],"collection":[{"href":"https:\/\/prioritesante.vxlstaging.com\/fr\/wp-json\/wp\/v2\/pages"}],"about":[{"href":"https:\/\/prioritesante.vxlstaging.com\/fr\/wp-json\/wp\/v2\/types\/page"}],"author":[{"embeddable":true,"href":"https:\/\/prioritesante.vxlstaging.com\/fr\/wp-json\/wp\/v2\/users\/3"}],"replies":[{"embeddable":true,"href":"https:\/\/prioritesante.vxlstaging.com\/fr\/wp-json\/wp\/v2\/comments?post=2734"}],"version-history":[{"count":22,"href":"https:\/\/prioritesante.vxlstaging.com\/fr\/wp-json\/wp\/v2\/pages\/2734\/revisions"}],"predecessor-version":[{"id":3155,"href":"https:\/\/prioritesante.vxlstaging.com\/fr\/wp-json\/wp\/v2\/pages\/2734\/revisions\/3155"}],"wp:attachment":[{"href":"https:\/\/prioritesante.vxlstaging.com\/fr\/wp-json\/wp\/v2\/media?parent=2734"}],"curies":[{"name":"wp","href":"https:\/\/api.w.org\/{rel}","templated":true}]}}