{"id":519,"date":"2018-10-17T06:23:05","date_gmt":"2018-10-17T06:23:05","guid":{"rendered":"https:\/\/prioritesante.vxlstaging.com\/?page_id=519"},"modified":"2024-07-06T13:29:59","modified_gmt":"2024-07-06T13:29:59","slug":"about-us","status":"publish","type":"page","link":"https:\/\/prioritesante.vxlstaging.com\/fr\/about-us\/","title":{"rendered":"\u00c0 propos de nous"},"content":{"rendered":"<div class=\"wpb-content-wrapper\"><div id=\"tm-row-69dffd8175578\" data-vc-full-width=\"true\" data-vc-full-width-init=\"false\" class=\"vc_row vc_row-outer vc_row-fluid vc_container-has-overlay\"><div class=\"vc_container-overlay\"><\/div><div id=\"tm-column-69dffd81762dc\" class=\"wpb_column vc_column_container vc_col-sm-12 vc_col-md-offset-2 vc_col-md-8\"><div class=\"vc_column-inner\"><div class=\"wpb_wrapper\"><div class=\"tm-spacer\" id=\"tm-spacer-69dffd81765e0\"><\/div>\n<div class=\"tm-spacer\" id=\"tm-spacer-69dffd817664d\"><\/div>\n\n<div class=\"tm-heading  center tm-animation move-up\" id=\"tm-heading-69dffd81768f8\">\n\t<h3 class=\"heading\" >\u00c0 propos de nous<\/h3><\/div>\n\n\n<div class=\"tm-heading  center tm-animation move-up\" id=\"tm-heading-69dffd8177114\">\n\t<div class=\"heading\" >D\u00e9couvrez l'agence de placement Priorit\u00e9-Sant\u00e9, votre partenaire en mati\u00e8re de recrutement et de placement aux services de soins de sant\u00e9 et aux entreprises.<\/div><\/div>\n\n<\/div><\/div><\/div><\/div><div class=\"vc_row-full-width vc_clearfix\"><\/div><div id=\"tm-row-69dffd8177589\" class=\"vc_row vc_row-outer vc_row-fluid\"><div id=\"tm-column-69dffd817782f\" class=\"wpb_column vc_column_container vc_col-sm-12\"><div class=\"vc_column-inner\"><div class=\"wpb_wrapper\"><div id=\"tm-row-inner-69dffd8177d69\" class=\"vc_row vc_inner vc_row-fluid\"><div id=\"tm-column-inner-69dffd8178152\" class=\"wpb_column vc_column_container vc_col-sm-12 vc_col-md-offset-2 vc_col-md-8\"><div class=\"vc_column-inner\"><div class=\"wpb_wrapper\">\n<div class=\"tm-heading  center tm-animation move-up\" id=\"tm-heading-69dffd817839d\">\n\t<h3 class=\"heading\" >Notre histoire<\/h3><\/div>\n\n<div class=\"tm-spacer\" id=\"tm-spacer-69dffd8178603\"><\/div>\n\n<div class=\"tm-heading  center tm-animation move-up\" id=\"tm-heading-69dffd817869b\">\n\t<div class=\"heading\" >D\u00e9couvrez le parcours de l'agence Priorit\u00e9-Sant\u00e9, depuis sa cr\u00e9ation jusqu'\u00e0 devenir une agence de recrutement et de placement de premier plan dans le domaine de la sant\u00e9 et aux entreprises, d\u00e9di\u00e9e \u00e0 l'excellence et \u00e0 l'int\u00e9grit\u00e9.<\/div><\/div>\n\n<div class=\"tm-spacer\" id=\"tm-spacer-69dffd817897e\"><\/div>\n<\/div><\/div><\/div><\/div><\/div><\/div><\/div><\/div><div id=\"tm-row-69dffd8178aa2\" data-vc-full-width=\"true\" data-vc-full-width-init=\"false\" class=\"vc_row vc_row-outer vc_row-fluid\"><div id=\"tm-column-69dffd8178ed2\" class=\"wpb_column vc_column_container vc_col-sm-12\"><div class=\"vc_column-inner\"><div class=\"wpb_wrapper\"><div class=\"tm-gradation  tm-gradation--with_image tm-animation-queue\" id=\"tm-gradation-69dffd8179124\"\n     data-animation-delay=\"400\"\n>\n\t\t\t<div class=\"item\">\n\t\t\t\n\t\t\t\t\t\t\t\t\t\t\t<div class=\"image-wrap has-image\">\n\t\t\t\t\t<div class=\"count\"><span\n\t\t\t\t\t\t\tclass=\"number\">01<\/span><\/div>\n\t\t\t\t\t\t\t\t\t\t\t<img decoding=\"async\" src=\"https:\/\/prioritesante.vxlstaging.com\/wp-content\/uploads\/2018\/10\/blog-08-200x200.jpg\"\n\t\t\t\t\t\t     alt=\"Gradation Image\"\/>\n\t\t\t\t\t\t\t\t\t<\/div>\n\t\t\t\n\t\t\t\n\t\t\t<div class=\"content-wrap\">\n\t\t\t\t\t\t\t\t\t<h5 class=\"title\">2021<\/h5>\n\t\t\t\t\n\t\t\t\t\t\t\t\t\t<div class=\"text\">D\u00e9couvrez le parcours de l'agence Priorit\u00e9-Sant\u00e9, depuis sa cr\u00e9ation jusqu'\u00e0 devenir une agence de recrutement et de placement de premier plan dans le domaine de la sant\u00e9 et aux entreprises, d\u00e9di\u00e9e \u00e0 l'excellence et \u00e0 l'int\u00e9grit\u00e9.<\/div>\n\t\t\t\t\t\t\t<\/div>\n\t\t<\/div>\n\t\t\t<div class=\"item\">\n\t\t\t\n\t\t\t\t\t\t\t\t\t\t\t<div class=\"image-wrap has-image\">\n\t\t\t\t\t<div class=\"count\"><span\n\t\t\t\t\t\t\tclass=\"number\">02<\/span><\/div>\n\t\t\t\t\t\t\t\t\t\t\t<img decoding=\"async\" src=\"https:\/\/prioritesante.vxlstaging.com\/wp-content\/uploads\/2018\/10\/blog-13-200x200.jpg\"\n\t\t\t\t\t\t     alt=\"Gradation Image\"\/>\n\t\t\t\t\t\t\t\t\t<\/div>\n\t\t\t\n\t\t\t\n\t\t\t<div class=\"content-wrap\">\n\t\t\t\t\t\t\t\t\t<h5 class=\"title\">2022<\/h5>\n\t\t\t\t\n\t\t\t\t\t\t\t\t\t<div class=\"text\">Croissance et expansion rapides pendant que l'agence de placement Priorit\u00e9-Sant\u00e9 s'impose comme un partenaire de confiance dans l'industrie l'industrie du placement du personnel.<\/div>\n\t\t\t\t\t\t\t<\/div>\n\t\t<\/div>\n\t\t\t<div class=\"item\">\n\t\t\t\n\t\t\t\t\t\t\t\t\t\t\t<div class=\"image-wrap has-image\">\n\t\t\t\t\t<div class=\"count\"><span\n\t\t\t\t\t\t\tclass=\"number\">03<\/span><\/div>\n\t\t\t\t\t\t\t\t\t\t\t<img decoding=\"async\" src=\"https:\/\/prioritesante.vxlstaging.com\/wp-content\/uploads\/2018\/10\/blog-29-200x200.jpg\"\n\t\t\t\t\t\t     alt=\"Gradation Image\"\/>\n\t\t\t\t\t\t\t\t\t<\/div>\n\t\t\t\n\t\t\t\n\t\t\t<div class=\"content-wrap\">\n\t\t\t\t\t\t\t\t\t<h5 class=\"title\">2023<\/h5>\n\t\t\t\t\n\t\t\t\t\t\t\t\t\t<div class=\"text\"> Introduction a de strat\u00e9gies de recrutement innovantes et de solutions de dotation personnalis\u00e9es, am\u00e9liorant la satisfaction des clients.<\/div>\n\t\t\t\t\t\t\t<\/div>\n\t\t<\/div>\n\t\t\t<div class=\"item\">\n\t\t\t\n\t\t\t\t\t\t\t\t\t\t\t<div class=\"image-wrap has-image\">\n\t\t\t\t\t<div class=\"count\"><span\n\t\t\t\t\t\t\tclass=\"number\">04<\/span><\/div>\n\t\t\t\t\t\t\t\t\t\t\t<img decoding=\"async\" src=\"https:\/\/prioritesante.vxlstaging.com\/wp-content\/uploads\/2018\/10\/blog-30-200x200.jpg\"\n\t\t\t\t\t\t     alt=\"Gradation Image\"\/>\n\t\t\t\t\t\t\t\t\t<\/div>\n\t\t\t\n\t\t\t\n\t\t\t<div class=\"content-wrap\">\n\t\t\t\t\t\t\t\t\t<h5 class=\"title\">2024<\/h5>\n\t\t\t\t\n\t\t\t\t\t\t\t\t\t<div class=\"text\">Engagement continu envers l'excellence et l'int\u00e9grit\u00e9, solidifiant la position de l'agence de placement Priorit\u00e9-Sant\u00e9 en tant qu'agence de recrutement de premier plan dans les secteurs de la sant\u00e9 et d'autres secteurs.<\/div>\n\t\t\t\t\t\t\t<\/div>\n\t\t<\/div>\n\t<\/div>\n<\/div><\/div><\/div><\/div><div class=\"vc_row-full-width vc_clearfix\"><\/div><div id=\"tm-row-69dffd8179e8e\" data-vc-full-width=\"true\" data-vc-full-width-init=\"false\" class=\"vc_row vc_row-outer vc_row-fluid\"><div id=\"tm-column-69dffd817a13c\" class=\"wpb_column vc_column_container vc_col-sm-12\"><div class=\"vc_column-inner\"><div class=\"wpb_wrapper\"><div class=\"tm-spacer\" id=\"tm-spacer-69dffd817a2f5\"><\/div>\n\n<div class=\"tm-heading  center tm-animation move-up\" id=\"tm-heading-69dffd817a3e5\">\n\t<h3 class=\"heading\" >Notre objectif et notre orientation<\/h3><\/div>\n\n<div class=\"tm-spacer\" id=\"tm-spacer-69dffd817a727\"><\/div>\n\n<div class=\"tm-heading vc_custom_1718471729670  center tm-animation move-up\" id=\"tm-heading-69dffd817a813\">\n\t<div class=\"heading\" >Priorit\u00e9-Sant\u00e9 se consacre \u00e0 l'innovation de solutions de sant\u00e9 innovantes (Mission), \u00e0 la vision d'un monde plus sain (Vision) et au maintien de l'int\u00e9grit\u00e9 et de la diligence.<\/div><\/div>\n\n<div class=\"tm-gradation  tm-gradation--no_number tm-animation-queue\" id=\"tm-gradation-69dffd817ab74\"\n     data-animation-delay=\"400\"\n>\n\t\t\t<div class=\"item\">\n\t\t\t\n\t\t\t\n\t\t\t\t\t\t\t<div class=\"count-wrap\">\n\t\t\t\t\t<div class=\"dot\"><\/div>\n\t\t\t\t\t\t\t\t\t<\/div>\n\t\t\t\n\t\t\t<div class=\"content-wrap\">\n\t\t\t\t\t\t\t\t\t<h5 class=\"title\">Notre mission<\/h5>\n\t\t\t\t\n\t\t\t\t\t\t\t\t\t<div class=\"text\">Chez Priorit\u00e9-Sant\u00e9, notre mission est de fournir des solutions de dotation du  personnel in\u00e9gal\u00e9es qui permettent aux \u00e9tablissements de sant\u00e9 et aux entreprises de prosp\u00e9rer.<\/div>\n\t\t\t\t\t\t\t<\/div>\n\t\t<\/div>\n\t\t\t<div class=\"item\">\n\t\t\t\n\t\t\t\n\t\t\t\t\t\t\t<div class=\"count-wrap\">\n\t\t\t\t\t<div class=\"dot\"><\/div>\n\t\t\t\t\t\t\t\t\t<\/div>\n\t\t\t\n\t\t\t<div class=\"content-wrap\">\n\t\t\t\t\t\t\t\t\t<h5 class=\"title\">Notre vision<\/h5>\n\t\t\t\t\n\t\t\t\t\t\t\t\t\t<div class=\"text\">Notre vision est d\u2019\u00eatre un pionnier en mati\u00e8re de solutions de de placement du main oeuvre ind\u00e9pendante.\nL'innovation qui donne la priorit\u00e9 au bien-\u00eatre  des communaut\u00e9s et inspirent un monde plus sain.<\/div>\n\t\t\t\t\t\t\t<\/div>\n\t\t<\/div>\n\t\t\t<div class=\"item\">\n\t\t\t\n\t\t\t\n\t\t\t\t\t\t\t<div class=\"count-wrap\">\n\t\t\t\t\t<div class=\"dot\"><\/div>\n\t\t\t\t\t\t\t\t\t<\/div>\n\t\t\t\n\t\t\t<div class=\"content-wrap\">\n\t\t\t\t\t\t\t\t\t<h5 class=\"title\">Nos valeurs<\/h5>\n\t\t\t\t\n\t\t\t\t\t\t\t\t\t<div class=\"text\">L'int\u00e9grit\u00e9, la diligence et la vision nous animent chez Priorit\u00e9-Sant\u00e9. Nous respectons les normes \u00e9thiques, recherchons l\u2019excellence et innovons pour r\u00e9pondre aux besoins des nos clients.<\/div>\n\t\t\t\t\t\t\t<\/div>\n\t\t<\/div>\n\t<\/div>\n<div class=\"tm-spacer\" id=\"tm-spacer-69dffd817ac45\"><\/div>\n<\/div><\/div><\/div><\/div><div class=\"vc_row-full-width vc_clearfix\"><\/div><div id=\"tm-row-69dffd817ae45\" data-vc-full-width=\"true\" data-vc-full-width-init=\"false\" class=\"vc_row vc_row-outer vc_row-fluid\"><div id=\"tm-column-69dffd817b101\" class=\"wpb_column vc_column_container vc_col-sm-12\"><div class=\"vc_column-inner\"><div class=\"wpb_wrapper\">\n<div class=\"tm-heading  center tm-animation move-up\" id=\"tm-heading-69dffd817b39d\">\n\t<h3 class=\"heading\" >Notre engagement<\/h3><\/div>\n\n<div class=\"tm-spacer\" id=\"tm-spacer-69dffd817b75b\"><\/div>\n\n<div class=\"tm-heading  center tm-animation move-up\" id=\"tm-heading-69dffd817b869\">\n\t<h3 class=\"heading\" >Pourquoi  choisir l'agence de placement Priorit\u00e9-Sant\u00e9<\/h3><\/div>\n\n<div class=\"tm-spacer\" id=\"tm-spacer-69dffd817bc03\"><\/div>\n\n<div class=\"tm-heading  center tm-animation move-up\" id=\"tm-heading-69dffd817bd04\">\n\t<div class=\"heading\" >D\u00e9couvrez les raisons pour lesquelles l'agence de placement Priorit\u00e9-Sant\u00e9 s'impose comme le choix privil\u00e9gi\u00e9 en mati\u00e8re de solutions de dotation et de placement<\/div><\/div>\n\n<div class=\"tm-spacer\" id=\"tm-spacer-69dffd817c08f\"><\/div>\n<div class=\"tm-slider-group tm-swiper  nav-style-6 tm-animation move-up\" id=\"tm-slider-group-69dffd817c23a\"\n     data-slide-wrap=\"1\"\n\t data-xs-items=\"1\" data-sm-items=\"2\" data-md-items=\"3\" data-lg-items=\"4\"\n\t\t\tdata-lg-gutter=\"30\"\n\t\n\t\t\tdata-nav=\"1\"\n\t\n\t\n\t\n\t\n\t\t\tdata-loop=\"1\"\n\t>\n\t<div class=\"swiper-container\">\n\t\t<div class=\"swiper-wrapper\">\n\t\t\t<div class=\"tm-box-icon  style-6 style-align-left tm-animation move-up\" id=\"tm-box-icon-69dffd817c605\">\n\t\t<div class=\"content-wrap\">\n\n\t\n\t\t\t\t\t\t\t\t<div class=\"icon\">\n\t\t\t\t\t\t<span class=\"fal fa-home-heart\"><\/span>\n\t\t\t\t\t<\/div>\n\t\t\t\t\t\t\n\t<div class=\"content\">\n\t\t<div class=\"box-header\">\n\t\t\t\t\t\t\t<h4 class=\"heading\">\n\t\t\t\t\t\t\t\t\t\t<a class=\"link-secret\" href=\"#\"\n\t\t\t\t\t\t\t\t\t\t\t>\n\t\t\t\t\t\t\n\t\t\t\t\t\tExperts exp\u00e9riment\u00e9s\n\t\t\t\t\t\t\t\t\t\t\t<\/a>\n\t\t\t\t\n\t\t\t\t<\/h4>\n\t\t\t\t\t<\/div>\n\n\t\t\t\t\t<div class=\"text\">B\u00e9n\u00e9ficiez des meilleurs services d\u2019experts exp\u00e9riment\u00e9s dans le secteur des soins.<\/div>\t\t\n\t\t\t<\/div>\n<\/div>\n<\/div>\n<div class=\"tm-box-icon  style-6 style-align-left tm-animation move-up\" id=\"tm-box-icon-69dffd817d05a\">\n\t\t<div class=\"content-wrap\">\n\n\t\n\t\t\t\t\t\t\t\t<div class=\"icon\">\n\t\t\t\t\t\t<span class=\"fal fa-stethoscope\"><\/span>\n\t\t\t\t\t<\/div>\n\t\t\t\t\t\t\n\t<div class=\"content\">\n\t\t<div class=\"box-header\">\n\t\t\t\t\t\t\t<h4 class=\"heading\">\n\t\t\t\t\t\n\t\t\t\t\t\tD\u00e9lais de livraison respect\u00e9s\n\t\t\t\t\t\t\n\t\t\t\t<\/h4>\n\t\t\t\t\t<\/div>\n\n\t\t\t\t\t<div class=\"text\">Nous \u00e9tablissons des calendriers pr\u00e9cis et suivons de pr\u00e8s pour atteindre l\u2019efficacit\u00e9.<\/div>\t\t\n\t\t\t<\/div>\n<\/div>\n<\/div>\n<div class=\"tm-box-icon  style-6 style-align-left tm-animation fly\" id=\"tm-box-icon-69dffd817d99f\">\n\t\t<div class=\"content-wrap\">\n\n\t\n\t\t\t\t\t\t\t\t<div class=\"icon\">\n\t\t\t\t\t\t<span class=\"far fa-wheelchair\"><\/span>\n\t\t\t\t\t<\/div>\n\t\t\t\t\t\t\n\t<div class=\"content\">\n\t\t<div class=\"box-header\">\n\t\t\t\t\t\t\t<h4 class=\"heading\">\n\t\t\t\t\t\n\t\t\t\t\t\tPrix \u200b\u200babordables\n\t\t\t\t\t\t\n\t\t\t\t<\/h4>\n\t\t\t\t\t<\/div>\n\n\t\t\t\t\t<div class=\"text\">Nous facturons en fonction des conditions, des besoins et des budgets des clients.<\/div>\t\t\n\t\t\t<\/div>\n<\/div>\n<\/div>\n<div class=\"tm-box-icon  style-6 style-align-left tm-animation move-up\" id=\"tm-box-icon-69dffd817e406\">\n\t\t<div class=\"content-wrap\">\n\n\t\n\t\t\t\t\t\t\t\t<div class=\"icon\">\n\t\t\t\t\t\t<span class=\"fal fa-laugh\"><\/span>\n\t\t\t\t\t<\/div>\n\t\t\t\t\t\t\n\t<div class=\"content\">\n\t\t<div class=\"box-header\">\n\t\t\t\t\t\t\t<h4 class=\"heading\">\n\t\t\t\t\t\n\t\t\t\t\t\tAttitude d\u00e9vou\u00e9e\n\t\t\t\t\t\t\n\t\t\t\t<\/h4>\n\t\t\t\t\t<\/div>\n\n\t\t\t\t\t<div class=\"text\">Nous garantissons que tout le personnel aura une attitude appropri\u00e9e envers les patients.<\/div>\t\t\n\t\t\t<\/div>\n<\/div>\n<\/div>\n\t\t<\/div>\n\t<\/div>\n<\/div>\n<\/div><\/div><\/div><\/div><div class=\"vc_row-full-width vc_clearfix\"><\/div><div id=\"tm-row-69dffd817f0a5\" class=\"vc_row vc_row-outer vc_row-fluid\"><div id=\"tm-column-69dffd817f38f\" class=\"wpb_column vc_column_container vc_col-sm-12\"><div class=\"vc_column-inner\"><div class=\"wpb_wrapper\">\n<div class=\"tm-heading  left tm-animation move-up\" id=\"tm-heading-69dffd817f644\">\n\t<h3 class=\"heading\" >Pr\u00e9sentation<\/h3><\/div>\n\n<div class=\"tm-spacer\" id=\"tm-spacer-69dffd817fa32\"><\/div>\n<div id=\"tm-row-inner-69dffd817fb52\" class=\"vc_row vc_inner vc_row-fluid\"><div id=\"tm-column-inner-69dffd817fe32\" class=\"wpb_column vc_column_container vc_col-sm-6\"><div class=\"vc_column-inner\"><div class=\"wpb_wrapper\">\n<div class=\"tm-heading  left tm-animation move-up\" id=\"tm-heading-69dffd81800a6\">\n\t<h3 class=\"heading\" >Notre approche du recrutement dans le secteur de la sant\u00e9<\/h3><\/div>\n\n<div class=\"tm-spacer\" id=\"tm-spacer-69dffd8180450\"><\/div>\n<\/div><\/div><\/div><div id=\"tm-column-inner-69dffd818058c\" class=\"wpb_column vc_column_container vc_col-sm-6\"><div class=\"vc_column-inner\"><div class=\"wpb_wrapper\">\n<div class=\"tm-heading  left tm-animation move-up\" id=\"tm-heading-69dffd8180802\">\n\t<div class=\"heading\" >Notre approche en mati\u00e8re  de recrutement dans le secteur de la sant\u00e9 chez Priorit\u00e9-Sant\u00e9 est motiv\u00e9e par un engagement envers un service de qualit\u00e9, en tirant parti de m\u00e9thodes m\u00e9ticuleuses pour jumeler les talents de haut niveau aux organisations de soins de sant\u00e9.<\/div><\/div>\n\n<div class=\"tm-spacer\" id=\"tm-spacer-69dffd8180b63\"><\/div>\n<\/div><\/div><\/div><\/div><\/div><\/div><\/div><\/div><div id=\"tm-row-69dffd8180d26\" class=\"vc_row vc_row-outer vc_row-fluid vc_row-column-separator-01\"><div id=\"tm-column-69dffd8180ff4\" class=\"wpb_column vc_column_container vc_col-sm-4\"><div class=\"vc_column-inner\"><div class=\"wpb_wrapper\"><div id=\"tm-counter-69dffd8181377\" class=\"tm-counter  style-01 align-center tm-animation move-up\"\n     data-animation=\"counter-up\"\n>\n\t<div class=\"counter-wrap\">\n\t\t\n\t\t\t\t\t<div class=\"icon\">\n\t\t\t\t<i class=\"fa-regular fa-circle-user\"><\/i>\n\t\t\t<\/div>\n\t\t\n\t\t\n\t\t\t\t\t<h6 class=\"text\">S\u00e9lection de candidats sur mesure<\/h6>\t\t\t\t\t\t\t<div class=\"sub-text\">Nous employons un processus de s\u00e9lection rigoureux adapt\u00e9 aux besoins de soins de sant\u00e9, garantissant que seuls les professionnels les plus qualifi\u00e9s sont pr\u00e9sent\u00e9s aux clients.<\/div>\t\t\t<\/div>\n<\/div>\n<div class=\"tm-spacer\" id=\"tm-spacer-69dffd8181a6d\"><\/div>\n<\/div><\/div><\/div><div id=\"tm-column-69dffd8181bb9\" class=\"wpb_column vc_column_container vc_col-sm-4\"><div class=\"vc_column-inner\"><div class=\"wpb_wrapper\"><div id=\"tm-counter-69dffd8181dc8\" class=\"tm-counter  style-01 align-center tm-animation move-up\"\n     data-animation=\"counter-up\"\n>\n\t<div class=\"counter-wrap\">\n\t\t\n\t\t\t\t\t<div class=\"icon\">\n\t\t\t\t<i class=\"fa-solid fa-users-gear\"><\/i>\n\t\t\t<\/div>\n\t\t\n\t\t\n\t\t\t\t\t<h6 class=\"text\">Expertise industrielle<\/h6>\t\t\t\t\t\t\t<div class=\"sub-text\">Notre \u00e9quipe poss\u00e8de une connaissance approfondie du secteur de la sant\u00e9, ce qui nous permet de comprendre les exigences nuanc\u00e9es de chaque r\u00f4le.<\/div>\t\t\t<\/div>\n<\/div>\n<div class=\"tm-spacer\" id=\"tm-spacer-69dffd8182508\"><\/div>\n<\/div><\/div><\/div><div id=\"tm-column-69dffd8182649\" class=\"wpb_column vc_column_container vc_col-sm-4\"><div class=\"vc_column-inner\"><div class=\"wpb_wrapper\"><div id=\"tm-counter-69dffd8182845\" class=\"tm-counter  style-01 align-center tm-animation move-up\"\n     data-animation=\"counter-up\"\n>\n\t<div class=\"counter-wrap\">\n\t\t\n\t\t\t\t\t<div class=\"icon\">\n\t\t\t\t<i class=\"fa-brands fa-ubuntu\"><\/i>\n\t\t\t<\/div>\n\t\t\n\t\t\n\t\t\t\t\t<h6 class=\"text\">Un soutien personnalis\u00e9<\/h6>\t\t\t\t\t\t\t<div class=\"sub-text\">Nous proposons un accompagnement personnalis\u00e9 tout au long du parcours de placement et de recrutement des notre personnel, des premi\u00e8res consultations au suivi post-placement.<\/div>\t\t\t<\/div>\n<\/div>\n<div class=\"tm-spacer\" id=\"tm-spacer-69dffd8182e9d\"><\/div>\n<\/div><\/div><\/div><\/div><div id=\"tm-row-69dffd8183033\" data-vc-full-width=\"true\" data-vc-full-width-init=\"false\" data-vc-stretch-content=\"true\" class=\"vc_row vc_row-outer vc_row-fluid vc_row-no-padding\"><div id=\"tm-column-69dffd81832da\" class=\"wpb_column vc_column_container vc_col-sm-12 vc_col-lg-6\"><div class=\"vc_column-inner\"><div class=\"wpb_wrapper\"><div id=\"tm-row-inner-69dffd818356a\" class=\"vc_row vc_inner vc_row-fluid vc_row-o-equal-height vc_row-flex\"><div id=\"tm-column-inner-69dffd8183808\" class=\"wpb_column vc_column_container vc_col-sm-6\"><div class=\"vc_column-inner\"><div class=\"wpb_wrapper\"><\/div><\/div><\/div><div id=\"tm-column-inner-69dffd8183e6e\" class=\"wpb_column vc_column_container vc_col-sm-6\"><div class=\"vc_column-inner\"><div class=\"wpb_wrapper\">\n<div class=\"tm-heading  left tm-animation move-up\" id=\"tm-heading-69dffd8184431\">\n\t<h3 class=\"heading\" >Employeurs<\/h3><\/div>\n\n<div class=\"tm-spacer\" id=\"tm-spacer-69dffd81847aa\"><\/div>\n\n<div class=\"tm-heading  left tm-animation move-up\" id=\"tm-heading-69dffd8184896\">\n\t<div class=\"heading\" >Vous fournir une  main-d'\u0153uvre gr\u00e2ce aux solutions de placement de Priorit\u00e9-Sant\u00e9, con\u00e7ues pour r\u00e9pondre \u00e0 vos besoins de personnel.<\/div><\/div>\n\n<div class=\"tm-spacer\" id=\"tm-spacer-69dffd8184bab\"><\/div>\n<div class=\"tm-button-wrapper  tm-animation move-up\" id=\"tm-button-69dffd8184dea\">\n\t\t<a class=\"tm-button style-flat tm-button-nm tm-button-custom tm-button-\" href=\"https:\/\/prioritesante.vxlstaging.com\/fr\/contact\/\"\n\t\ttarget=\"_blank\"\t>\n\n\t\t\n\t\t\t\t\t\t<span class=\"button-text\" data-text=\"Contact Us\">\n\t\t\t\tNous joindre\t\t\t<\/span>\n\t\t\t\n\t\t\n\n\t<\/a>\n<\/div>\n<\/div><\/div><\/div><\/div><\/div><\/div><\/div><div id=\"tm-column-69dffd8185aa0\" class=\"wpb_column vc_column_container vc_col-sm-12 vc_col-lg-6\"><div class=\"vc_column-inner\"><div class=\"wpb_wrapper\"><div id=\"tm-row-inner-69dffd8185d50\" class=\"vc_row vc_inner vc_row-fluid vc_row-o-equal-height vc_row-flex\"><div id=\"tm-column-inner-69dffd8185fba\" class=\"wpb_column vc_column_container vc_col-sm-6\"><div class=\"vc_column-inner\"><div class=\"wpb_wrapper\"><\/div><\/div><\/div><div id=\"tm-column-inner-69dffd8186565\" class=\"wpb_column vc_column_container vc_col-sm-6\"><div class=\"vc_column-inner\"><div class=\"wpb_wrapper\">\n<div class=\"tm-heading  left tm-animation move-up\" id=\"tm-heading-69dffd8186ad3\">\n\t<h3 class=\"heading\" >Postulez ici!<\/h3><\/div>\n\n<div class=\"tm-spacer\" id=\"tm-spacer-69dffd8186e44\"><\/div>\n\n<div class=\"tm-heading  left tm-animation move-up\" id=\"tm-heading-69dffd8186f52\">\n\t<div class=\"heading\" >Faites parti de notre \u00e9quipe chez Priorit\u00e9-Sant\u00e9 et profitez d'un environnement de travail sain, d'un salaire comp\u00e9titif ainsi que d'un fort soutien de la part de tous au travail.<\/div><\/div>\n\n<div class=\"tm-spacer\" id=\"tm-spacer-69dffd81872a1\"><\/div>\n<div class=\"tm-button-wrapper  tm-animation move-up\" id=\"tm-button-69dffd818736d\">\n\t\t<a class=\"tm-button style-flat tm-button-nm tm-button-custom tm-button-\" href=\"https:\/\/prioritesante.vxlstaging.com\/fr\/job-opportunities\/\"\n\t\ttarget=\"_blank\"\t>\n\n\t\t\n\t\t\t\t\t\t<span class=\"button-text\" data-text=\"Apply here\">\n\t\t\t\tEn savoir plus\t\t\t<\/span>\n\t\t\t\n\t\t\n\n\t<\/a>\n<\/div>\n<\/div><\/div><\/div><\/div><\/div><\/div><\/div><\/div><div class=\"vc_row-full-width vc_clearfix\"><\/div>\n<\/div>","protected":false},"excerpt":{"rendered":"About Us Discover Priorit\u00e9-Sant\u00e9, your premier staffing agency, for healthcare and business staffing partner. Our Story Explore the journey of Priorit\u00e9-Sant\u00e9, from its inception to becoming a leading healthcare and business staffing agency dedicated to excellence and integrity. 01 2021 Explore the journey of Priorit\u00e9-Sant\u00e9, from its inception to becoming a leading healthcare and business staffing agency dedicated to excellence and integrity. 02 2022 Rapid growth and expansion as Priorit\u00e9-Sant\u00e9 establishes itself as a trusted partner in the industry. 03 2023 Introduction of innovative recruitment strategies and personalized staffing solutions, enhancing client satisfaction. 04 2024 Continued commitment to excellence and integrity, solidifying Priorit\u00e9-Sant\u00e9&#039;s position as a premier staffing agency in the healthcare and business sectors. Our Purpose and Direction Priorit\u00e9-Sant\u00e9 is dedicated to pioneering innovative healthcare solutions (Mission), envisioning a healthier world (Vision), and upholding integrity, and diligence. Our Mission At Priorit\u00e9-Sant\u00e9, our mission is to provide unparalleled staffing solutions that empower healthcare institutions and businesses to thrive. Our Vision Our Vision is to pioneer innovative healthcare solutions that prioritize well-being, empower communities, and inspire a healthier world. Our Values Integrity, Diligence, and Vision drive us at Priorit\u00e9-Sant\u00e9. We uphold ethical standards, pursue excellence, and innovate to meet the client needs. Our commitment Why Choose Us Discover the reasons why Priorit\u00e9 Sant\u00e9 stands out as the preferred choice for healthcare staffing solutions. Experienced Experts Get the best services from experienced experts in caregiving industry. On-time Delivery We set accurate schedules and follow closely to achieve efficiency. Affordable Prices We charge based on the conditions, needs, and budgets of customers. Dedicated Attitude We guarantee all staff would have an appropriate attitude towards patients. Introducing Our Approach to Healthcare Recruiting Our Approach to Healthcare Recruiting at Priorit\u00e9-Sant\u00e9 is driven by a commitment to quality service, leveraging meticulous methods to match top-tier talent with healthcare organizations. Tailored Candidate Selection We employ a rigorous screening process tailored to healthcare needs, ensuring only the most qualified professionals are presented to clients. Industry Expertise Our team boasts extensive knowledge of the healthcare sector, allowing us to understand the nuanced requirements of each role. Personalized Support We offer personalized assistance throughout the recruitment journey, from initial consultations to post-placement follow-ups. For Employers Empower your workforce with Priorit\u00e9-Sant\u00e9's premier recruitment solutions tailored to meet your staffing needs effortlessly. Contact Us We're Hiring Become a caregiver at Priorit\u00e9-Sant\u00e9 and enjoy a healthy work environment, competitive salary as well as strong support from everyone at work. Apply here","protected":false},"author":2,"featured_media":0,"parent":0,"menu_order":0,"comment_status":"closed","ping_status":"closed","template":"","meta":{"footnotes":""},"_links":{"self":[{"href":"https:\/\/prioritesante.vxlstaging.com\/fr\/wp-json\/wp\/v2\/pages\/519"}],"collection":[{"href":"https:\/\/prioritesante.vxlstaging.com\/fr\/wp-json\/wp\/v2\/pages"}],"about":[{"href":"https:\/\/prioritesante.vxlstaging.com\/fr\/wp-json\/wp\/v2\/types\/page"}],"author":[{"embeddable":true,"href":"https:\/\/prioritesante.vxlstaging.com\/fr\/wp-json\/wp\/v2\/users\/2"}],"replies":[{"embeddable":true,"href":"https:\/\/prioritesante.vxlstaging.com\/fr\/wp-json\/wp\/v2\/comments?post=519"}],"version-history":[{"count":39,"href":"https:\/\/prioritesante.vxlstaging.com\/fr\/wp-json\/wp\/v2\/pages\/519\/revisions"}],"predecessor-version":[{"id":3412,"href":"https:\/\/prioritesante.vxlstaging.com\/fr\/wp-json\/wp\/v2\/pages\/519\/revisions\/3412"}],"wp:attachment":[{"href":"https:\/\/prioritesante.vxlstaging.com\/fr\/wp-json\/wp\/v2\/media?parent=519"}],"curies":[{"name":"wp","href":"https:\/\/api.w.org\/{rel}","templated":true}]}}